{"id":7,"date":"2023-11-14T14:10:09","date_gmt":"2023-11-14T14:10:09","guid":{"rendered":"https:\/\/www.kayaismail.com\/?page_id=7"},"modified":"2023-11-20T18:59:02","modified_gmt":"2023-11-20T18:59:02","slug":"hakkimda","status":"publish","type":"page","link":"https:\/\/www.kayaismail.com\/index.php\/hakkimda\/","title":{"rendered":"Hakk\u0131mda"},"content":{"rendered":"\n<p><strong>Merhaba, Ben \u0130smail Kaya.<\/strong><\/p>\n\n\n\n<p>1983 Ankara Do\u011fumluyum. \u0130lk, Orta ve Lise E\u011fitimimi Ankara&#8217;da tamamlad\u0131ktan sonra hayalimde olan ve ger\u00e7ekten \u00e7ok istedi\u011fim Finans ve Ekonomi alan\u0131nda ilerlemek ad\u0131na Lisans e\u011fitimi i\u00e7in \u0130ktisat Fak\u00fcltesinin yolunu tuttum. \u00dcniversite e\u011fitimini b\u00fcy\u00fck bir merak ve istekle tamamlad\u0131ktan sonra i\u015f hayat\u0131na at\u0131l\u0131m\u0131m\u0131 ger\u00e7ekle\u015ftirdim.<\/p>\n\n\n\n<p>Okul ve vatani g\u00f6rev sonras\u0131 T\u00fcrkiye&#8217;nin \u00f6nde gelen en b\u00fcy\u00fck bankalar\u0131ndan birinde toplamda 9 y\u0131l g\u00f6rev yapt\u0131m. \u0130lgili bankada memur olarak ba\u015flad\u0131\u011f\u0131m mesleki hayat\u0131ma s\u0131ras\u0131yla \u015fef ve en son m\u00fcd\u00fcr yard\u0131mc\u0131s\u0131 olarak devam ettim ve 2016 y\u0131l\u0131nda istifa ettim.<\/p>\n\n\n\n<p>Hayat boyunca hep yeni \u015feyler \u00f6\u011frenmeye, yeni insanlar tan\u0131maya ve kendimi ke\u015ffetmeye y\u00f6nelik bir arzu i\u00e7erisinde oldum. Banka s\u00fcrecinde tabir yerindeyse s\u0131n\u0131rlar\u0131m\u0131n ve alan\u0131m\u0131n daralmaya ba\u015flad\u0131\u011f\u0131n\u0131 ve kabu\u011fuma s\u0131\u011fmad\u0131\u011f\u0131m\u0131n bilincinde olarak yeni bir sayfa a\u00e7mak \u00fczere bankac\u0131l\u0131k mesle\u011fini orada b\u0131rakt\u0131m. 9 y\u0131l boyunca ald\u0131\u011f\u0131m say\u0131s\u0131z e\u011fitim, mesleki ve insani ili\u015fkiler y\u00f6n\u00fcnden bir\u00e7ok deneyim ve tecr\u00fcbeyi ve buna ba\u011fl\u0131 olarak al\u0131nan bir\u00e7ok sertifikalarla 9 y\u0131l\u0131 dolu dolu ge\u00e7irdim.<\/p>\n\n\n\n<p>2016 y\u0131l\u0131nda y\u00f6n\u00fcm\u00fc Bankac\u0131l\u0131k sonras\u0131 asl\u0131nda bir nevi benzer bir sekt\u00f6r olan Sigortac\u0131l\u0131k Sekt\u00f6r\u00fcne \u00e7evirdim. Bu alanda biliyordum ki daha geni\u015f bir yelpaze, \u00fcr\u00fcn gam\u0131 ve bir\u00e7ok yeni deneyimi ke\u015ffedecektim. Yakla\u015f\u0131k 2 y\u0131l boyunca bir acente i\u015fleterek yoluma devam etti\u011fim sekt\u00f6rde, 2019 y\u0131l\u0131nda \u015fuan g\u00f6revimi s\u00fcrd\u00fcrd\u00fc\u011f\u00fcm \u015firketten gelen teklif \u00fczerine uzun ve me\u015fakkatli yeni bir ser\u00fcvene ba\u015flad\u0131m.<\/p>\n\n\n\n<p>\u0130deal Sigorta Ailesine Pazarlama M\u00fcd\u00fcr\u00fc olarak dahil oldu\u011fum 2019 senesinde kurucumuz ile birlikte ad\u0131m ad\u0131m ve ilmek ilmek tasarlad\u0131\u011f\u0131m\u0131z yeni bir yolculukta \u015firketi b\u00fcy\u00fctmeye devam ettik\u00e7e ald\u0131\u011f\u0131m roller ve sorumlulu\u011fum artm\u0131\u015ft\u0131. 2020 senesinde Genel M\u00fcd\u00fcr Yard\u0131mc\u0131 ve 2021 y\u0131l\u0131ndan bug\u00fcne kadarda s\u00fcrd\u00fcrd\u00fc\u011f\u00fcm Genel M\u00fcd\u00fcrl\u00fck G\u00f6revi ile bu g\u00fczel ailedeki s\u00fcrecime devam etmekteyim.<\/p>\n\n\n\n<p>T\u00fcrkiye\u2019nin en b\u00fcy\u00fck acentelerinden birinde 40\u2019\u0131 a\u015fk\u0131n Sigorta \u015eirketi ile \u0130\u015f Ortakl\u0131\u011f\u0131 ve T\u00fcrkiye\u2019nin 50 den fazla ilinde devam eden organizasyonumuz, 130 a yak\u0131n \u015fube ile ticari s\u00fcrecimize devam ediyoruz.<\/p>\n\n\n\n<p>Acentemizi T\u00fcrkiye\u2019de 1 numara yapmak maksad\u0131yla \u00e7\u0131kt\u0131\u011f\u0131m\u0131z bu yolculukta hedefimize emin ad\u0131mlarla ilerlemenin heyecan\u0131 ve mutlulu\u011fu ile yola devam ediyoruz.<\/p>\n\n\n\n<p>Hobilerim aras\u0131nda,<\/p>\n\n\n\n<p>\u0130\u015fimin de bir par\u00e7as\u0131 olmas\u0131 ve ayr\u0131ca \u00e7ok b\u00fcy\u00fck keyif almam nedeniyle bol bol seyahat yapmay\u0131,<\/p>\n\n\n\n<p>Farkl\u0131 K\u00fclt\u00fcrlerden ve Y\u00f6relerden Yeni Yemek Lezzetlerini Mutlaka Tatmay\u0131,<\/p>\n\n\n\n<p>M\u00fcmk\u00fcn Olduk\u00e7a Mutfa\u011fa Girerek Yemek Yapmay\u0131,<\/p>\n\n\n\n<p>Aktif Spor Yapmay\u0131,<\/p>\n\n\n\n<p>Kamp Yapmay\u0131,<\/p>\n\n\n\n<p>Kitap ve Farkl\u0131 Alanlarda Makaleler Okumay\u0131 ve Ara\u015ft\u0131rmay\u0131,<\/p>\n\n\n\n<p>Ki\u015fisel Geli\u015fime \u00d6nem Vermeyi ve E\u011fitimlere Kat\u0131lmay\u0131 \u00e7ok seviyorum. Bu ba\u011flamda hobilerime \u00f6zellikle vakit ay\u0131r\u0131yorum.<\/p>\n\n\n\n<p>Tam bir Mevlana a\u015f\u0131\u011f\u0131y\u0131m ve \u00f6\u011fretilerini hayat\u0131ma uygulamaya gayret etmekteyim.<\/p>\n\n\n\n<p>\u0130nsan\u0131 Yarat\u0131landan dolay\u0131 sevmeyi, insanlara de\u011fer vermeye ve her d\u00fc\u015f\u00fcnceye sayg\u0131 duymay\u0131 \u00f6nceliklerim aras\u0131nda tutmaktay\u0131m.<\/p>\n\n\n\n<p>Bu hayattaki amac\u0131m ve hedefim ise kendimi tamamlayabilmek ve \u0131\u015f\u0131\u011f\u0131m\u0131 yans\u0131tabilmektir.<\/p>\n\n\n\n<p>\u00d6lmeden \u00f6nce yapmak istedi\u011fim bir hayalimde var elbet, tabi ki bu bende ve yak\u0131n zamanda bu hayalimi de ger\u00e7ekle\u015ftirece\u011fim.<\/p>\n\n\n\n<p>Hakk\u0131mda b\u00f6l\u00fcm\u00fcm\u00fc \u00f6\u011fretisine a\u015f\u0131k oldu\u011fum Mevlana Hazretlerinin bir s\u00f6z\u00fc ile noktalamak isterim.<\/p>\n\n\n\n<p>Her yerde olmak gibi bir duan varsa, g\u00f6n\u00fcllere gir; \u00e7\u00fcnk\u00fc sevenler, sevdiklerini g\u00f6n\u00fcllerinde ta\u015f\u0131rlar.<\/p>\n\n\n\n<p>                                                                                                                                                      \u0130smail KAYA<\/p>\n\n\n\n<figure class=\"wp-block-gallery has-nested-images columns-default is-cropped wp-block-gallery-1 is-layout-flex wp-block-gallery-is-layout-flex\"><\/figure>\n","protected":false},"excerpt":{"rendered":"<p>Merhaba, Ben \u0130smail Kaya. 1983 Ankara Do\u011fumluyum. \u0130lk, Orta ve Lise E\u011fitimimi Ankara&#8217;da tamamlad\u0131ktan sonra hayalimde olan ve ger\u00e7ekten \u00e7ok&hellip;<\/p>\n","protected":false},"author":1,"featured_media":150,"parent":0,"menu_order":0,"comment_status":"closed","ping_status":"closed","template":"","meta":{"footnotes":""},"class_list":["post-7","page","type-page","status-publish","has-post-thumbnail","hentry"],"_links":{"self":[{"href":"https:\/\/www.kayaismail.com\/index.php\/wp-json\/wp\/v2\/pages\/7","targetHints":{"allow":["GET"]}}],"collection":[{"href":"https:\/\/www.kayaismail.com\/index.php\/wp-json\/wp\/v2\/pages"}],"about":[{"href":"https:\/\/www.kayaismail.com\/index.php\/wp-json\/wp\/v2\/types\/page"}],"author":[{"embeddable":true,"href":"https:\/\/www.kayaismail.com\/index.php\/wp-json\/wp\/v2\/users\/1"}],"replies":[{"embeddable":true,"href":"https:\/\/www.kayaismail.com\/index.php\/wp-json\/wp\/v2\/comments?post=7"}],"version-history":[{"count":5,"href":"https:\/\/www.kayaismail.com\/index.php\/wp-json\/wp\/v2\/pages\/7\/revisions"}],"predecessor-version":[{"id":155,"href":"https:\/\/www.kayaismail.com\/index.php\/wp-json\/wp\/v2\/pages\/7\/revisions\/155"}],"wp:featuredmedia":[{"embeddable":true,"href":"https:\/\/www.kayaismail.com\/index.php\/wp-json\/wp\/v2\/media\/150"}],"wp:attachment":[{"href":"https:\/\/www.kayaismail.com\/index.php\/wp-json\/wp\/v2\/media?parent=7"}],"curies":[{"name":"wp","href":"https:\/\/api.w.org\/{rel}","templated":true}]}}